{"id":3215,"date":"2021-07-01T08:59:42","date_gmt":"2021-07-01T08:59:42","guid":{"rendered":"https:\/\/willa74.pl\/bezpecnost\/"},"modified":"2026-04-04T19:13:39","modified_gmt":"2026-04-04T19:13:39","slug":"bezpecnost","status":"publish","type":"page","link":"https:\/\/willa74.pl\/cs\/bezpecnost\/","title":{"rendered":"Bezpe\u010dnost"},"content":{"rendered":"\t\t<div data-elementor-type=\"wp-page\" data-elementor-id=\"3215\" class=\"elementor elementor-3215 elementor-472\" data-elementor-post-type=\"page\">\n\t\t\t\t\t\t<section class=\"ob-is-breaking-bad elementor-section elementor-top-section elementor-element elementor-element-431886f elementor-section-boxed elementor-section-height-default elementor-section-height-default\" data-id=\"431886f\" data-element_type=\"section\" data-e-type=\"section\" data-settings=\"{&quot;background_background&quot;:&quot;classic&quot;,&quot;_ob_bbad_use_it&quot;:&quot;yes&quot;,&quot;_ob_bbad_sssic_use&quot;:&quot;no&quot;,&quot;_ob_glider_is_slider&quot;:&quot;no&quot;}\">\n\t\t\t\t\t\t\t<div class=\"elementor-background-overlay\"><\/div>\n\t\t\t\t\t\t\t<div class=\"elementor-container elementor-column-gap-default\">\n\t\t\t\t\t<div class=\"elementor-column elementor-col-100 elementor-top-column elementor-element elementor-element-7eddb97\" data-id=\"7eddb97\" data-element_type=\"column\" data-e-type=\"column\" data-settings=\"{&quot;_ob_bbad_is_stalker&quot;:&quot;no&quot;,&quot;_ob_teleporter_use&quot;:false,&quot;_ob_column_hoveranimator&quot;:&quot;no&quot;,&quot;_ob_column_has_pseudo&quot;:&quot;no&quot;}\">\n\t\t\t<div class=\"elementor-widget-wrap elementor-element-populated\">\n\t\t\t\t\t\t<div class=\"elementor-element elementor-element-5186c6d ob-harakiri-inherit ob-has-background-overlay elementor-widget elementor-widget-heading\" data-id=\"5186c6d\" data-element_type=\"widget\" data-e-type=\"widget\" data-settings=\"{&quot;_ob_use_harakiri&quot;:&quot;yes&quot;,&quot;_ob_harakiri_writing_mode&quot;:&quot;inherit&quot;,&quot;_ob_harakiri_text_clip&quot;:&quot;none&quot;,&quot;_ob_perspektive_use&quot;:&quot;no&quot;,&quot;_ob_poopart_use&quot;:&quot;yes&quot;,&quot;_ob_shadough_use&quot;:&quot;no&quot;,&quot;_ob_allow_hoveranimator&quot;:&quot;no&quot;,&quot;_ob_widget_stalker_use&quot;:&quot;no&quot;}\" data-widget_type=\"heading.default\">\n\t\t\t\t<div class=\"elementor-widget-container\">\n\t\t\t\t\t<h1 class=\"elementor-heading-title elementor-size-default\">Bezpe\u010dnostn\u00ed pravidla<\/h1>\t\t\t\t<\/div>\n\t\t\t\t<\/div>\n\t\t\t\t<div class=\"elementor-element elementor-element-2a90ade elementor-widget-divider--separator-type-pattern elementor-widget-divider--view-line ob-has-background-overlay elementor-widget elementor-widget-divider\" data-id=\"2a90ade\" data-element_type=\"widget\" data-e-type=\"widget\" data-settings=\"{&quot;_ob_perspektive_use&quot;:&quot;no&quot;,&quot;_ob_poopart_use&quot;:&quot;yes&quot;,&quot;_ob_shadough_use&quot;:&quot;no&quot;,&quot;_ob_allow_hoveranimator&quot;:&quot;no&quot;,&quot;_ob_widget_stalker_use&quot;:&quot;no&quot;}\" data-widget_type=\"divider.default\">\n\t\t\t\t<div class=\"elementor-widget-container\">\n\t\t\t\t\t\t\t<div class=\"elementor-divider\" style=\"--divider-pattern-url: url(&quot;data:image\/svg+xml,%3Csvg xmlns=&#039;http:\/\/www.w3.org\/2000\/svg&#039; preserveAspectRatio=&#039;none&#039; overflow=&#039;visible&#039; height=&#039;100%&#039; viewBox=&#039;0 0 24 24&#039; fill=&#039;black&#039; stroke=&#039;none&#039;%3E%3Cpath d=&#039;M12.7,2.3c-0.4-0.4-1.1-0.4-1.5,0l-8,9.1c-0.3,0.4-0.3,0.9,0,1.2l8,9.1c0.4,0.4,1.1,0.4,1.5,0l8-9.1c0.3-0.4,0.3-0.9,0-1.2L12.7,2.3z&#039;\/%3E%3C\/svg%3E&quot;);\">\n\t\t\t<span class=\"elementor-divider-separator\">\n\t\t\t\t\t\t<\/span>\n\t\t<\/div>\n\t\t\t\t\t\t<\/div>\n\t\t\t\t<\/div>\n\t\t\t\t<div class=\"elementor-element elementor-element-ba55ed2 ob-has-background-overlay elementor-widget elementor-widget-spacer\" data-id=\"ba55ed2\" data-element_type=\"widget\" data-e-type=\"widget\" data-settings=\"{&quot;_ob_spacerat_use&quot;:&quot;no&quot;,&quot;_ob_perspektive_use&quot;:&quot;no&quot;,&quot;_ob_poopart_use&quot;:&quot;yes&quot;,&quot;_ob_shadough_use&quot;:&quot;no&quot;,&quot;_ob_allow_hoveranimator&quot;:&quot;no&quot;,&quot;_ob_widget_stalker_use&quot;:&quot;no&quot;}\" data-widget_type=\"spacer.default\">\n\t\t\t\t<div class=\"elementor-widget-container\">\n\t\t\t\t\t\t\t<div class=\"elementor-spacer\">\n\t\t\t<div class=\"elementor-spacer-inner\"><\/div>\n\t\t<\/div>\n\t\t\t\t\t\t<\/div>\n\t\t\t\t<\/div>\n\t\t\t\t<div class=\"elementor-element elementor-element-5d346c4 ob-harakiri-inherit ob-has-background-overlay elementor-widget elementor-widget-text-editor\" data-id=\"5d346c4\" data-element_type=\"widget\" data-e-type=\"widget\" data-settings=\"{&quot;_ob_use_harakiri&quot;:&quot;yes&quot;,&quot;_ob_harakiri_writing_mode&quot;:&quot;inherit&quot;,&quot;_ob_postman_use&quot;:&quot;no&quot;,&quot;_ob_perspektive_use&quot;:&quot;no&quot;,&quot;_ob_poopart_use&quot;:&quot;yes&quot;,&quot;_ob_shadough_use&quot;:&quot;no&quot;,&quot;_ob_allow_hoveranimator&quot;:&quot;no&quot;,&quot;_ob_widget_stalker_use&quot;:&quot;no&quot;}\" data-widget_type=\"text-editor.default\">\n\t\t\t\t<div class=\"elementor-widget-container\">\n\t\t\t\t\t\t\t\t\t<h2>V\u00e1\u017een\u00ed host\u00e9,<\/h2><p>V z\u00e1jmu va\u0161\u00ed bezpe\u010dnosti, bezpe\u010dnosti na\u0161ich host\u016f i zam\u011bstnanc\u016f jsme zavedli zvl\u00e1\u0161tn\u00ed bezpe\u010dnostn\u00ed opat\u0159en\u00ed<br>v souvislosti s virem COVID-19. Pros\u00edme, sezn\u00e1mte se s nimi a \u0159i\u010fte se t\u011bmito pokyny.<\/p>\t\t\t\t\t\t\t\t<\/div>\n\t\t\t\t<\/div>\n\t\t\t\t<div class=\"elementor-element elementor-element-a86a0e2 ob-has-background-overlay elementor-widget elementor-widget-spacer\" data-id=\"a86a0e2\" data-element_type=\"widget\" data-e-type=\"widget\" data-settings=\"{&quot;_ob_spacerat_use&quot;:&quot;no&quot;,&quot;_ob_perspektive_use&quot;:&quot;no&quot;,&quot;_ob_poopart_use&quot;:&quot;yes&quot;,&quot;_ob_shadough_use&quot;:&quot;no&quot;,&quot;_ob_allow_hoveranimator&quot;:&quot;no&quot;,&quot;_ob_widget_stalker_use&quot;:&quot;no&quot;}\" data-widget_type=\"spacer.default\">\n\t\t\t\t<div class=\"elementor-widget-container\">\n\t\t\t\t\t\t\t<div class=\"elementor-spacer\">\n\t\t\t<div class=\"elementor-spacer-inner\"><\/div>\n\t\t<\/div>\n\t\t\t\t\t\t<\/div>\n\t\t\t\t<\/div>\n\t\t\t\t<div class=\"elementor-element elementor-element-29f18f8 ob-harakiri-inherit ob-has-background-overlay elementor-widget elementor-widget-text-editor\" data-id=\"29f18f8\" data-element_type=\"widget\" data-e-type=\"widget\" data-settings=\"{&quot;_ob_use_harakiri&quot;:&quot;yes&quot;,&quot;_ob_harakiri_writing_mode&quot;:&quot;inherit&quot;,&quot;_ob_postman_use&quot;:&quot;no&quot;,&quot;_ob_perspektive_use&quot;:&quot;no&quot;,&quot;_ob_poopart_use&quot;:&quot;yes&quot;,&quot;_ob_shadough_use&quot;:&quot;no&quot;,&quot;_ob_allow_hoveranimator&quot;:&quot;no&quot;,&quot;_ob_widget_stalker_use&quot;:&quot;no&quot;}\" data-widget_type=\"text-editor.default\">\n\t\t\t\t<div class=\"elementor-widget-container\">\n\t\t\t\t\t\t\t\t\t<p>1. V are\u00e1lu Willi74 jsou pro hosty k dispozici d\u00e1vkova\u010de s dezinfek\u010dn\u00edm prost\u0159edkem na ruce.<\/p><p>2. V hygienick\u00fdch prostor\u00e1ch byly vyv\u011b\u0161eny pokyny t\u00fdkaj\u00edc\u00ed se myt\u00ed rukou, sund\u00e1v\u00e1n\u00ed a nasazov\u00e1n\u00ed rukavic, sund\u00e1v\u00e1n\u00ed a nasazov\u00e1n\u00ed rou\u0161ky a u d\u00e1vkova\u010d\u016f<br>s dezinfek\u010dn\u00edm prost\u0159edkem \u2013 pokyny pro spr\u00e1vnou dezinfekci rukou.<\/p><p>3. Je p\u0159ipravena m\u00edstnost pro p\u0159\u00edpadnou izolaci osoby s podez\u0159en\u00edm na onemocn\u011bn\u00ed.<\/p><p>4. Je t\u0159eba dodr\u017eovat po\u017eadovanou vzd\u00e1lenost mezi person\u00e1lem a hosty a mezi hosty navz\u00e1jem \u2013 minim\u00e1ln\u011b 2 metry \u2013 a omezit pobyt na recepci na minimum.<\/p><p>5. U recepce sm\u00ed b\u00fdt p\u0159\u00edtomna pouze 1 osoba.<\/p><p>6. Dokud nebude z\u00e1kaz vypl\u00fdvaj\u00edc\u00ed z p\u0159\u00edslu\u0161n\u00e9ho na\u0159\u00edzen\u00ed zru\u0161en, plat\u00ed p\u0159\u00edsn\u00fd z\u00e1kaz pobytu osob, kter\u00e9 nejsou ubytov\u00e1ny ve Willi74, a vyu\u017e\u00edv\u00e1n\u00ed spole\u010dn\u00e9 vstupn\u00ed haly.<\/p><p>7. Pr\u016fb\u011b\u017en\u011b se dezinfikuj\u00ed spole\u010dn\u00e9 toalety, pult recepce, kliky, madla, \u00fachyty a dal\u0161\u00ed tla\u010d\u00edtka a \u010dasto dot\u00fdkan\u00e9 povrchy.<\/p><p>8. Po ka\u017ed\u00e9m hostu se pokoj a koupelna d\u016fkladn\u011b uklid\u00ed, vyv\u011btr\u00e1 a dezinfikuje.<\/p><p>9. Person\u00e1l je v souladu s pokyny vybaven osobn\u00edmi ochrann\u00fdmi prost\u0159edky (jednor\u00e1zov\u00e9 rukavice, prost\u0159edky na dezinfekci rukou, rou\u0161ky nebo ochrann\u00e9 \u0161t\u00edty), dodr\u017euje doporu\u010den\u00e9 z\u00e1sady bezpe\u010dnosti, hygieny a spr\u00e1vn\u00fdch hygienick\u00fdch postup\u016f a je o\u010dkov\u00e1n.<\/p><p>10. Lo\u017en\u00ed pr\u00e1dlo a ru\u010dn\u00edky dezinfikuje extern\u00ed firma.<\/p><p>11. Vzhledem k hrozb\u011b viru COVID-19 byla \u010d\u00e1st slu\u017eeb Willi74 pozastavena nebo omezena (mj. vyu\u017e\u00edv\u00e1n\u00ed lobby, \u00faklid pokoj\u016f b\u011bhem pobytu, noviny) a vybaven\u00ed pokoj\u016f bylo \u010d\u00e1ste\u010dn\u011b omezeno.<\/p><p>12. V\u00fdm\u011bna ru\u010dn\u00edk\u016f prob\u00edh\u00e1 na recepci.<\/p><p>13. Recepce m\u00e1 omezenou provozn\u00ed dobu, doporu\u010dujeme kontaktovat n\u00e1s telefonicky na \u010d\u00edsle 509 470 283 nebo 516 168 064.<\/p><p>14. Sn\u00eddan\u011b se pod\u00e1v\u00e1 na pokoje host\u016f v dob\u011b od 9:00 do 10:30.<\/p><p>15. Host\u00e9 jsou p\u0159i pohybu po are\u00e1lu Willi74 povinni nosit ochrann\u00e9 rou\u0161ky nebo obli\u010dejov\u00e9 \u0161t\u00edty.<\/p>\t\t\t\t\t\t\t\t<\/div>\n\t\t\t\t<\/div>\n\t\t\t\t\t<\/div>\n\t\t<\/div>\n\t\t\t\t\t<\/div>\n\t\t<\/section>\n\t\t\t\t<\/div>\n\t\t","protected":false},"excerpt":{"rendered":"<p>Bezpe\u010dnostn\u00ed pravidla V\u00e1\u017een\u00ed host\u00e9, V z\u00e1jmu va\u0161\u00ed bezpe\u010dnosti, bezpe\u010dnosti na\u0161ich host\u016f i zam\u011bstnanc\u016f jsme zavedli zvl\u00e1\u0161tn\u00ed bezpe\u010dnostn\u00ed opat\u0159en\u00edv souvislosti s virem COVID-19. Pros\u00edme, sezn\u00e1mte se s nimi a \u0159i\u010fte se t\u011bmito pokyny. 1. V are\u00e1lu Willi74 jsou pro hosty k dispozici d\u00e1vkova\u010de s dezinfek\u010dn\u00edm prost\u0159edkem na ruce. 2. V hygienick\u00fdch prostor\u00e1ch byly vyv\u011b\u0161eny pokyny t\u00fdkaj\u00edc\u00ed [&hellip;]<\/p>\n","protected":false},"author":1,"featured_media":0,"parent":0,"menu_order":0,"comment_status":"closed","ping_status":"closed","template":"","meta":{"_acf_changed":false,"inline_featured_image":false,"footnotes":""},"class_list":["post-3215","page","type-page","status-publish","hentry"],"acf":[],"_links":{"self":[{"href":"https:\/\/willa74.pl\/cs\/wp-json\/wp\/v2\/pages\/3215","targetHints":{"allow":["GET"]}}],"collection":[{"href":"https:\/\/willa74.pl\/cs\/wp-json\/wp\/v2\/pages"}],"about":[{"href":"https:\/\/willa74.pl\/cs\/wp-json\/wp\/v2\/types\/page"}],"author":[{"embeddable":true,"href":"https:\/\/willa74.pl\/cs\/wp-json\/wp\/v2\/users\/1"}],"replies":[{"embeddable":true,"href":"https:\/\/willa74.pl\/cs\/wp-json\/wp\/v2\/comments?post=3215"}],"version-history":[{"count":1,"href":"https:\/\/willa74.pl\/cs\/wp-json\/wp\/v2\/pages\/3215\/revisions"}],"predecessor-version":[{"id":3216,"href":"https:\/\/willa74.pl\/cs\/wp-json\/wp\/v2\/pages\/3215\/revisions\/3216"}],"wp:attachment":[{"href":"https:\/\/willa74.pl\/cs\/wp-json\/wp\/v2\/media?parent=3215"}],"curies":[{"name":"wp","href":"https:\/\/api.w.org\/{rel}","templated":true}]}}