{"id":3237,"date":"2021-07-01T14:51:50","date_gmt":"2021-07-01T14:51:50","guid":{"rendered":"https:\/\/willa74.pl\/rezervovat\/"},"modified":"2026-04-04T19:40:23","modified_gmt":"2026-04-04T19:40:23","slug":"rezervovat","status":"publish","type":"page","link":"https:\/\/willa74.pl\/cs\/rezervovat\/","title":{"rendered":"Rezervovat"},"content":{"rendered":"\t\t<div data-elementor-type=\"wp-page\" data-elementor-id=\"3237\" class=\"elementor elementor-3237 elementor-588\" data-elementor-post-type=\"page\">\n\t\t\t\t\t\t<section class=\"ob-is-breaking-bad elementor-section elementor-top-section elementor-element elementor-element-6aed583 elementor-section-boxed elementor-section-height-default elementor-section-height-default\" data-id=\"6aed583\" data-element_type=\"section\" data-e-type=\"section\" data-settings=\"{&quot;_ob_bbad_use_it&quot;:&quot;yes&quot;,&quot;_ob_bbad_sssic_use&quot;:&quot;no&quot;,&quot;_ob_glider_is_slider&quot;:&quot;no&quot;}\">\n\t\t\t\t\t\t<div class=\"elementor-container elementor-column-gap-default\">\n\t\t\t\t\t<div class=\"elementor-column elementor-col-100 elementor-top-column elementor-element elementor-element-91d19f9\" data-id=\"91d19f9\" data-element_type=\"column\" data-e-type=\"column\" data-settings=\"{&quot;_ob_bbad_is_stalker&quot;:&quot;no&quot;,&quot;_ob_teleporter_use&quot;:false,&quot;_ob_column_hoveranimator&quot;:&quot;no&quot;,&quot;_ob_column_has_pseudo&quot;:&quot;no&quot;}\">\n\t\t\t<div class=\"elementor-widget-wrap elementor-element-populated\">\n\t\t\t\t\t\t<div class=\"elementor-element elementor-element-8230282 ob-has-background-overlay elementor-widget elementor-widget-html\" data-id=\"8230282\" data-element_type=\"widget\" data-e-type=\"widget\" data-settings=\"{&quot;_ob_perspektive_use&quot;:&quot;no&quot;,&quot;_ob_poopart_use&quot;:&quot;yes&quot;,&quot;_ob_shadough_use&quot;:&quot;no&quot;,&quot;_ob_allow_hoveranimator&quot;:&quot;no&quot;,&quot;_ob_widget_stalker_use&quot;:&quot;no&quot;}\" data-widget_type=\"html.default\">\n\t\t\t\t<div class=\"elementor-widget-container\">\n\t\t\t\t\t<script src=\"https:\/\/ajax.googleapis.com\/ajax\/libs\/jquery\/3.2.1\/jquery.min.js\"><\/script>\n<script src=\"https:\/\/panel.hotres.pl\/public\/api\/hotres_v3.js\"><\/script>\n<div id=\"hotresContainer\"><\/div>\n<script>\ncreateHotres({'action':'index','auth':'2210c70e1e85bb0f681de10a82b29daf','lang':'pl' });\n<\/script><p style=\"padding:15px;text-align:center\"> Rezervace zpracov\u00e1v\u00e1 syst\u00e9m: <a href=\"https:\/\/hotres.pl\" title=\"syst\u00e9m online rezervace pokoj\u016f\" rel=\"nofollow noopener\" target=\"_blank\">HOTRES.pl<\/a><\/p>\t\t\t\t<\/div>\n\t\t\t\t<\/div>\n\t\t\t\t\t<\/div>\n\t\t<\/div>\n\t\t\t\t\t<\/div>\n\t\t<\/section>\n\t\t\t\t<\/div>\n\t\t","protected":false},"excerpt":{"rendered":"<p>Rezervace zpracov\u00e1v\u00e1 syst\u00e9m: HOTRES.pl<\/p>\n","protected":false},"author":1,"featured_media":3238,"parent":0,"menu_order":0,"comment_status":"closed","ping_status":"closed","template":"","meta":{"_acf_changed":false,"inline_featured_image":false,"footnotes":""},"class_list":["post-3237","page","type-page","status-publish","has-post-thumbnail","hentry"],"acf":[],"_links":{"self":[{"href":"https:\/\/willa74.pl\/cs\/wp-json\/wp\/v2\/pages\/3237","targetHints":{"allow":["GET"]}}],"collection":[{"href":"https:\/\/willa74.pl\/cs\/wp-json\/wp\/v2\/pages"}],"about":[{"href":"https:\/\/willa74.pl\/cs\/wp-json\/wp\/v2\/types\/page"}],"author":[{"embeddable":true,"href":"https:\/\/willa74.pl\/cs\/wp-json\/wp\/v2\/users\/1"}],"replies":[{"embeddable":true,"href":"https:\/\/willa74.pl\/cs\/wp-json\/wp\/v2\/comments?post=3237"}],"version-history":[{"count":1,"href":"https:\/\/willa74.pl\/cs\/wp-json\/wp\/v2\/pages\/3237\/revisions"}],"predecessor-version":[{"id":3239,"href":"https:\/\/willa74.pl\/cs\/wp-json\/wp\/v2\/pages\/3237\/revisions\/3239"}],"wp:featuredmedia":[{"embeddable":true,"href":"https:\/\/willa74.pl\/cs\/wp-json\/wp\/v2\/media\/3238"}],"wp:attachment":[{"href":"https:\/\/willa74.pl\/cs\/wp-json\/wp\/v2\/media?parent=3237"}],"curies":[{"name":"wp","href":"https:\/\/api.w.org\/{rel}","templated":true}]}}