{"id":3240,"date":"2020-10-07T12:33:59","date_gmt":"2020-10-07T12:33:59","guid":{"rendered":"https:\/\/willa74.pl\/rodo\/"},"modified":"2026-04-04T19:47:38","modified_gmt":"2026-04-04T19:47:38","slug":"rodo","status":"publish","type":"page","link":"https:\/\/willa74.pl\/cs\/rodo\/","title":{"rendered":"RODO"},"content":{"rendered":"\t\t<div data-elementor-type=\"wp-page\" data-elementor-id=\"3240\" class=\"elementor elementor-3240 elementor-3\" data-elementor-post-type=\"page\">\n\t\t\t\t\t\t<section class=\"ob-is-breaking-bad elementor-section elementor-top-section elementor-element elementor-element-534e095 elementor-section-boxed elementor-section-height-default elementor-section-height-default\" data-id=\"534e095\" data-element_type=\"section\" data-e-type=\"section\" data-settings=\"{&quot;background_background&quot;:&quot;classic&quot;,&quot;_ob_bbad_use_it&quot;:&quot;yes&quot;,&quot;_ob_bbad_sssic_use&quot;:&quot;no&quot;,&quot;_ob_glider_is_slider&quot;:&quot;no&quot;}\">\n\t\t\t\t\t\t\t<div class=\"elementor-background-overlay\"><\/div>\n\t\t\t\t\t\t\t<div class=\"elementor-container elementor-column-gap-default\">\n\t\t\t\t\t<div class=\"elementor-column elementor-col-100 elementor-top-column elementor-element elementor-element-e9cc953\" data-id=\"e9cc953\" data-element_type=\"column\" data-e-type=\"column\" data-settings=\"{&quot;_ob_bbad_is_stalker&quot;:&quot;no&quot;,&quot;_ob_teleporter_use&quot;:false,&quot;_ob_column_hoveranimator&quot;:&quot;no&quot;,&quot;_ob_column_has_pseudo&quot;:&quot;no&quot;}\">\n\t\t\t<div class=\"elementor-widget-wrap elementor-element-populated\">\n\t\t\t\t\t\t<div class=\"elementor-element elementor-element-53bac3d ob-harakiri-inherit ob-has-background-overlay elementor-widget elementor-widget-heading\" data-id=\"53bac3d\" data-element_type=\"widget\" data-e-type=\"widget\" data-settings=\"{&quot;_ob_use_harakiri&quot;:&quot;yes&quot;,&quot;_ob_harakiri_writing_mode&quot;:&quot;inherit&quot;,&quot;_ob_harakiri_text_clip&quot;:&quot;none&quot;,&quot;_ob_perspektive_use&quot;:&quot;no&quot;,&quot;_ob_poopart_use&quot;:&quot;yes&quot;,&quot;_ob_shadough_use&quot;:&quot;no&quot;,&quot;_ob_allow_hoveranimator&quot;:&quot;no&quot;,&quot;_ob_widget_stalker_use&quot;:&quot;no&quot;}\" data-widget_type=\"heading.default\">\n\t\t\t\t<div class=\"elementor-widget-container\">\n\t\t\t\t\t<h1 class=\"elementor-heading-title elementor-size-default\">Z\u00e1sady ochrany osobn\u00edch \u00fadaj\u016f a soubory cookie<\/h1>\t\t\t\t<\/div>\n\t\t\t\t<\/div>\n\t\t\t\t<div class=\"elementor-element elementor-element-9b4de85 elementor-widget-divider--separator-type-pattern elementor-widget-divider--view-line ob-has-background-overlay elementor-widget elementor-widget-divider\" data-id=\"9b4de85\" data-element_type=\"widget\" data-e-type=\"widget\" data-settings=\"{&quot;_ob_perspektive_use&quot;:&quot;no&quot;,&quot;_ob_poopart_use&quot;:&quot;yes&quot;,&quot;_ob_shadough_use&quot;:&quot;no&quot;,&quot;_ob_allow_hoveranimator&quot;:&quot;no&quot;,&quot;_ob_widget_stalker_use&quot;:&quot;no&quot;}\" data-widget_type=\"divider.default\">\n\t\t\t\t<div class=\"elementor-widget-container\">\n\t\t\t\t\t\t\t<div class=\"elementor-divider\" style=\"--divider-pattern-url: url(&quot;data:image\/svg+xml,%3Csvg xmlns=&#039;http:\/\/www.w3.org\/2000\/svg&#039; preserveAspectRatio=&#039;none&#039; overflow=&#039;visible&#039; height=&#039;100%&#039; viewBox=&#039;0 0 24 24&#039; fill=&#039;black&#039; stroke=&#039;none&#039;%3E%3Cpath d=&#039;M12.7,2.3c-0.4-0.4-1.1-0.4-1.5,0l-8,9.1c-0.3,0.4-0.3,0.9,0,1.2l8,9.1c0.4,0.4,1.1,0.4,1.5,0l8-9.1c0.3-0.4,0.3-0.9,0-1.2L12.7,2.3z&#039;\/%3E%3C\/svg%3E&quot;);\">\n\t\t\t<span class=\"elementor-divider-separator\">\n\t\t\t\t\t\t<\/span>\n\t\t<\/div>\n\t\t\t\t\t\t<\/div>\n\t\t\t\t<\/div>\n\t\t\t\t<div class=\"elementor-element elementor-element-cd479ee ob-has-background-overlay elementor-widget elementor-widget-spacer\" data-id=\"cd479ee\" data-element_type=\"widget\" data-e-type=\"widget\" data-settings=\"{&quot;_ob_spacerat_use&quot;:&quot;no&quot;,&quot;_ob_perspektive_use&quot;:&quot;no&quot;,&quot;_ob_poopart_use&quot;:&quot;yes&quot;,&quot;_ob_shadough_use&quot;:&quot;no&quot;,&quot;_ob_allow_hoveranimator&quot;:&quot;no&quot;,&quot;_ob_widget_stalker_use&quot;:&quot;no&quot;}\" data-widget_type=\"spacer.default\">\n\t\t\t\t<div class=\"elementor-widget-container\">\n\t\t\t\t\t\t\t<div class=\"elementor-spacer\">\n\t\t\t<div class=\"elementor-spacer-inner\"><\/div>\n\t\t<\/div>\n\t\t\t\t\t\t<\/div>\n\t\t\t\t<\/div>\n\t\t\t\t<div class=\"elementor-element elementor-element-3c2ba11 ob-harakiri-inherit ob-has-background-overlay elementor-widget elementor-widget-text-editor\" data-id=\"3c2ba11\" data-element_type=\"widget\" data-e-type=\"widget\" data-settings=\"{&quot;_ob_use_harakiri&quot;:&quot;yes&quot;,&quot;_ob_harakiri_writing_mode&quot;:&quot;inherit&quot;,&quot;_ob_postman_use&quot;:&quot;no&quot;,&quot;_ob_perspektive_use&quot;:&quot;no&quot;,&quot;_ob_poopart_use&quot;:&quot;yes&quot;,&quot;_ob_shadough_use&quot;:&quot;no&quot;,&quot;_ob_allow_hoveranimator&quot;:&quot;no&quot;,&quot;_ob_widget_stalker_use&quot;:&quot;no&quot;}\" data-widget_type=\"text-editor.default\">\n\t\t\t\t<div class=\"elementor-widget-container\">\n\t\t\t\t\t\t\t\t\t<p>1. Tyto z\u00e1sady ochrany osobn\u00edch \u00fadaj\u016f stanovuj\u00ed pravidla pro zpracov\u00e1n\u00ed a ochranu osobn\u00edch \u00fadaj\u016f poskytnut\u00fdch u\u017eivateli v souvislosti s vyu\u017e\u00edv\u00e1n\u00edm slu\u017eeb nab\u00edzen\u00fdch internetov\u00fdm port\u00e1lem Willa74 (d\u00e1le jen \u201eport\u00e1l\u201c)<\/p><p>2. Spr\u00e1vcem osobn\u00edch \u00fadaj\u016f obsa\u017een\u00fdch na t\u011bchto str\u00e1nk\u00e1ch je spole\u010dnost PIETRUSZKA MARIA FIRMA HANDLOWO-US\u0141UGOWA, 43-460 Wis\u0142a, ul. 1 Maja 74, DI\u010c: 548-221-93-88.<\/p><p>3. V z\u00e1jmu zabezpe\u010den\u00ed sv\u011b\u0159en\u00fdch osobn\u00edch \u00fadaj\u016f postupuje spr\u00e1vce v souladu s intern\u00edmi postupy a doporu\u010den\u00edmi, kter\u00e9 jsou v souladu s p\u0159\u00edslu\u0161n\u00fdmi pr\u00e1vn\u00edmi p\u0159edpisy v oblasti ochrany osobn\u00edch \u00fadaj\u016f, zejm\u00e9na s na\u0159\u00edzen\u00edm Evropsk\u00e9ho parlamentu a Rady (EU) 2016\/679 ze dne 27. dubna 2016. o ochran\u011b fyzick\u00fdch osob v souvislosti se zpracov\u00e1n\u00edm osobn\u00edch \u00fadaj\u016f a o voln\u00e9m pohybu t\u011bchto \u00fadaj\u016f a o zru\u0161en\u00ed sm\u011brnice 95\/46\/ES.<\/p><p>4. Spr\u00e1vce v\u011bnuje zvl\u00e1\u0161tn\u00ed pozornost ochran\u011b z\u00e1jm\u016f dot\u010den\u00fdch osob a zejm\u00e9na zaji\u0161\u0165uje, aby osobn\u00ed \u00fadaje byly:<\/p><p>a) zpracov\u00e1v\u00e1ny v souladu se z\u00e1konem;<\/p><p>b) shrom\u00e1\u017ed\u011bn\u00e9 pro specifikovan\u00e9, z\u00e1konn\u00e9 \u00fa\u010dely a nepodl\u00e9haj\u00edc\u00ed dal\u0161\u00edmu zpracov\u00e1n\u00ed neslu\u010diteln\u00e9mu s t\u011bmito \u00fa\u010dely;<\/p><p>c) v\u011bcn\u011b spr\u00e1vn\u00e9 a p\u0159im\u011b\u0159en\u00e9 vzhledem k \u00fa\u010del\u016fm, pro kter\u00e9 jsou zpracov\u00e1v\u00e1ny;<\/p><p>d) uchov\u00e1v\u00e1ny ve form\u011b, kter\u00e1 umo\u017e\u0148uje identifikaci subjekt\u016f \u00fadaj\u016f, ne d\u00e9le, ne\u017e je nezbytn\u00e9 k dosa\u017een\u00ed \u00fa\u010delu zpracov\u00e1n\u00ed.<\/p><p>5. Osobn\u00ed \u00fadaje jsou zpracov\u00e1v\u00e1ny na z\u00e1klad\u011b souhlasu vyj\u00e1d\u0159en\u00e9ho u\u017eivateli webov\u00fdch str\u00e1nek a v p\u0159\u00edpadech, kdy platn\u00e9 pr\u00e1vn\u00ed p\u0159edpisy oprav\u0148uj\u00ed spr\u00e1vce k zpracov\u00e1n\u00ed osobn\u00edch \u00fadaj\u016f.<\/p><p>6. Spr\u00e1vce zpracov\u00e1v\u00e1 osobn\u00ed \u00fadaje, kter\u00e9 u\u017eivatel\u00e9 webov\u00fdch str\u00e1nek dobrovoln\u011b poskytli, v\u00fdhradn\u011b za \u00fa\u010delem: zodpov\u00edd\u00e1n\u00ed dotaz\u016f u\u017eivatel\u016f zaslan\u00fdch prost\u0159ednictv\u00edm kontaktn\u00edho formul\u00e1\u0159e, a to v n\u00e1sleduj\u00edc\u00edm rozsahu:<\/p><p>a) jm\u00e9no a p\u0159\u00edjmen\u00ed<\/p><p>b) e-mailov\u00e1 adresa<\/p><p>c) telefonn\u00ed \u010d\u00edslo<\/p><p>7. Osobn\u00ed \u00fadaje u\u017eivatel\u016f webov\u00fdch str\u00e1nek https:\/\/willa74.pl nejsou prod\u00e1v\u00e1ny ani zp\u0159\u00edstup\u0148ov\u00e1ny t\u0159et\u00edm stran\u00e1m a nejsou p\u0159edm\u011btem profilov\u00e1n\u00ed. automatizovan\u00e9mu zpracov\u00e1n\u00ed za \u00fa\u010delem vyhodnocen\u00ed a ur\u010den\u00ed osobn\u00edch charakteristik nebo pot\u0159eb u\u017eivatel\u016f.<\/p><p>8. U\u017eivatel webov\u00fdch str\u00e1nek, kter\u00fd \u00fadaje poskytl, m\u00e1 pr\u00e1vo nahl\u00ed\u017eet do \u00fadaj\u016f zpracov\u00e1van\u00fdch spr\u00e1vcem. U\u017eivatel m\u00e1 rovn\u011b\u017e pr\u00e1vo tyto \u00fadaje upravit, po\u017e\u00e1dat o jejich p\u0159ed\u00e1n\u00ed jin\u00e9mu subjektu a kdykoli omezit nebo zastavit zpracov\u00e1n\u00ed sv\u00fdch osobn\u00edch \u00fadaj\u016f. U\u017eivatel m\u016f\u017ee kdykoli odvolat sv\u016fj d\u0159\u00edve ud\u011blen\u00fd souhlas se zpracov\u00e1n\u00edm sv\u00fdch \u00fadaj\u016f a po\u017e\u00e1dat o vymaz\u00e1n\u00ed sv\u00fdch osobn\u00edch \u00fadaj\u016f z webu.<\/p><p>9. Za \u00fa\u010delem uplatn\u011bn\u00ed sv\u00fdch pr\u00e1v uveden\u00fdch v bod\u011b V souladu s bodem 8 v\u00fd\u0161e by m\u011bl u\u017eivatel webov\u00fdch str\u00e1nek kontaktovat spr\u00e1vce na stejn\u00e9 e-mailov\u00e9 adrese nebo telefonn\u00edm \u010d\u00edsle, kter\u00e9 poskytl webov\u00fdm str\u00e1nk\u00e1m, a to na adrese biuro@willa74.pl.<\/p><p>10. Spr\u00e1vce shroma\u017e\u010fuje informace o u\u017eivatel\u00edch a jejich chov\u00e1n\u00ed n\u00e1sleduj\u00edc\u00edm zp\u016fsobem:<\/p><p>a) prost\u0159ednictv\u00edm informac\u00ed dobrovoln\u011b zadan\u00fdch do formul\u00e1\u0159e,<\/p><p>b) shroma\u017e\u010fov\u00e1n\u00edm soubor\u016f cookie<\/p><p>11. P\u0159i prvn\u00ed n\u00e1v\u0161t\u011bv\u011b webov\u00fdch str\u00e1nek Willa74 je u\u017eivatel informov\u00e1n o pou\u017e\u00edv\u00e1n\u00ed soubor\u016f cookie. Z\u016fstatkem na t\u00e9to str\u00e1nce u\u017eivatel souhlas\u00ed s pou\u017e\u00edv\u00e1n\u00edm b\u011b\u017en\u00fdch soubor\u016f cookie na t\u00e9to webov\u00e9 str\u00e1nce. Pokud u\u017eivatel\u00e9 neprovedou \u017e\u00e1dn\u00e9 zm\u011bny v nastaven\u00ed prohl\u00ed\u017ee\u010de, znamen\u00e1 to, \u017ee souhlas\u00ed s pou\u017e\u00edv\u00e1n\u00edm soubor\u016f \u201ecookies\u201c.<\/p><p>12. Ukl\u00e1d\u00e1n\u00ed soubor\u016f \u201ecookies\u201c je nezbytn\u00e9 pro \u0159\u00e1dn\u00e9 poskytov\u00e1n\u00ed slu\u017eeb na t\u011bchto str\u00e1nk\u00e1ch. Soubory \u201ecookies\u201c obsahuj\u00ed informace nezbytn\u00e9 pro spr\u00e1vn\u00e9 fungov\u00e1n\u00ed webov\u00fdch str\u00e1nek, zejm\u00e9na t\u011bch, kter\u00e9 vy\u017eaduj\u00ed autorizaci. U\u017eivatel m\u016f\u017ee kdykoli zm\u011bnit nastaven\u00ed sv\u00e9ho prohl\u00ed\u017ee\u010de tak, aby soubory cookie byly bu\u010f p\u0159ij\u00edm\u00e1ny, nebo odm\u00edt\u00e1ny, p\u0159\u00edpadn\u011b aby byl u\u017eivatel upozorn\u011bn na to, \u017ee tyto soubory nejsou ukl\u00e1d\u00e1ny do jeho po\u010d\u00edta\u010de.<\/p><p>13. V r\u00e1mci t\u011bchto webov\u00fdch str\u00e1nek se pou\u017e\u00edvaj\u00ed n\u00e1sleduj\u00edc\u00ed typy soubor\u016f \u201ecookies\u201c<\/p><p>a) do\u010dasn\u00e9 soubory cookie \u2013 z\u016fst\u00e1vaj\u00ed v prohl\u00ed\u017ee\u010di, dokud jej nezav\u0159ete nebo se neodhl\u00e1s\u00edte z webov\u00fdch str\u00e1nek, na kter\u00fdch byly um\u00edst\u011bny,<\/p><p>b) trval\u00e9 \u2013 z\u016fst\u00e1vaj\u00ed ve webov\u00e9m prohl\u00ed\u017ee\u010di za\u0159\u00edzen\u00ed, dokud je u\u017eivatel neodstran\u00ed, nebo do doby p\u0159edem stanoven\u00e9 v parametrech souboru cookie.<\/p><p>14. Webov\u00e9 str\u00e1nky mohou obsahovat odkazy na jin\u00e9 webov\u00e9 str\u00e1nky, kter\u00e9 funguj\u00ed nez\u00e1visle na Webov\u00fdch str\u00e1nk\u00e1ch a nejsou Webov\u00fdmi str\u00e1nkami \u017e\u00e1dn\u00fdm zp\u016fsobem kontrolov\u00e1ny. Tyto webov\u00e9 str\u00e1nky mohou m\u00edt vlastn\u00ed z\u00e1sady ochrany osobn\u00edch \u00fadaj\u016f a obchodn\u00ed podm\u00ednky, kter\u00e9 v\u00e1m doporu\u010dujeme pe\u010dliv\u011b si p\u0159e\u010d\u00edst.<\/p><p>15. Spr\u00e1vce si vyhrazuje pr\u00e1vo na zm\u011bnu z\u00e1sad ochrany osobn\u00edch \u00fadaj\u016f webov\u00fdch str\u00e1nek, kter\u00e1 m\u016f\u017ee b\u00fdt zp\u016fsobena rozvojem internetov\u00fdch technologi\u00ed, p\u0159\u00edpadn\u00fdmi zm\u011bnami v z\u00e1kon\u011b o ochran\u011b osobn\u00edch \u00fadaj\u016f a v\u00fdvojem webov\u00fdch str\u00e1nek. O v\u0161ech zm\u011bn\u00e1ch budeme u\u017eivatele informovat viditeln\u00fdm a srozumiteln\u00fdm zp\u016fsobem.<\/p><p><br>V\u00edce informac\u00ed o spr\u00e1v\u011b va\u0161ich osobn\u00edch \u00fadaj\u016f naleznete <a href=\"https:\/\/willa74.pl\/zarzadzanie-danymi-osobowymi\/\">zde<\/a>.<\/p>\t\t\t\t\t\t\t\t<\/div>\n\t\t\t\t<\/div>\n\t\t\t\t\t<\/div>\n\t\t<\/div>\n\t\t\t\t\t<\/div>\n\t\t<\/section>\n\t\t\t\t<\/div>\n\t\t","protected":false},"excerpt":{"rendered":"<p>Z\u00e1sady ochrany osobn\u00edch \u00fadaj\u016f a soubory cookie 1. Tyto z\u00e1sady ochrany osobn\u00edch \u00fadaj\u016f stanovuj\u00ed pravidla pro zpracov\u00e1n\u00ed a ochranu osobn\u00edch \u00fadaj\u016f poskytnut\u00fdch u\u017eivateli v souvislosti s vyu\u017e\u00edv\u00e1n\u00edm slu\u017eeb nab\u00edzen\u00fdch internetov\u00fdm port\u00e1lem Willa74 (d\u00e1le jen \u201eport\u00e1l\u201c) 2. Spr\u00e1vcem osobn\u00edch \u00fadaj\u016f obsa\u017een\u00fdch na t\u011bchto str\u00e1nk\u00e1ch je spole\u010dnost PIETRUSZKA MARIA FIRMA HANDLOWO-US\u0141UGOWA, 43-460 Wis\u0142a, ul. 1 Maja 74, [&hellip;]<\/p>\n","protected":false},"author":1,"featured_media":0,"parent":0,"menu_order":0,"comment_status":"closed","ping_status":"closed","template":"","meta":{"_acf_changed":false,"inline_featured_image":false,"footnotes":""},"class_list":["post-3240","page","type-page","status-publish","hentry"],"acf":[],"_links":{"self":[{"href":"https:\/\/willa74.pl\/cs\/wp-json\/wp\/v2\/pages\/3240","targetHints":{"allow":["GET"]}}],"collection":[{"href":"https:\/\/willa74.pl\/cs\/wp-json\/wp\/v2\/pages"}],"about":[{"href":"https:\/\/willa74.pl\/cs\/wp-json\/wp\/v2\/types\/page"}],"author":[{"embeddable":true,"href":"https:\/\/willa74.pl\/cs\/wp-json\/wp\/v2\/users\/1"}],"replies":[{"embeddable":true,"href":"https:\/\/willa74.pl\/cs\/wp-json\/wp\/v2\/comments?post=3240"}],"version-history":[{"count":1,"href":"https:\/\/willa74.pl\/cs\/wp-json\/wp\/v2\/pages\/3240\/revisions"}],"predecessor-version":[{"id":3241,"href":"https:\/\/willa74.pl\/cs\/wp-json\/wp\/v2\/pages\/3240\/revisions\/3241"}],"wp:attachment":[{"href":"https:\/\/willa74.pl\/cs\/wp-json\/wp\/v2\/media?parent=3240"}],"curies":[{"name":"wp","href":"https:\/\/api.w.org\/{rel}","templated":true}]}}